{"id":444,"date":"2016-01-17T13:22:41","date_gmt":"2016-01-17T12:22:41","guid":{"rendered":"http:\/\/www.tf-kbar.de\/?page_id=444"},"modified":"2017-12-03T21:32:14","modified_gmt":"2017-12-03T20:32:14","slug":"444-2","status":"publish","type":"page","link":"https:\/\/www.tf-kbar.de\/?page_id=444","title":{"rendered":"Ausr\u00fcstungsgegenst\u00e4nde"},"content":{"rendered":"<p><strong>Task Force K-BAR<\/strong><br \/>\nWeisung 1.0: ACE Advanced Medical System<br \/>\nStand: 160117<\/p>\n<p>&nbsp;<\/p>\n<h3><strong>Tourniquet<\/strong><\/h3>\n<p>Kann nur an Extremit\u00e4ten\/Gliedma\u00dfen angelegt werden!<br \/>\nStoppt Blutungen durch abklemmen von Arterien!<br \/>\nSollte nur benutzt werden um Zeit zu verschaffen f\u00fcr den Combat First Responder\/Medic um Wunden zu behandeln<br \/>\nSollte schnellst m\u00f6glich wieder Abgenommen werden da sonst dem Patienten schmerzen zu gef\u00fcgt werden und es zum Tod f\u00fchren<br \/>\nkann!<\/p>\n<h3><strong>Transfusion<\/strong><\/h3>\n<p>Saline IV \/ Kochsalzl\u00f6sung IV<br \/>\nPlasma IV \/ K\u00fcnstliches Bluterg\u00e4nzungsmittel IV<br \/>\nBlood IV \/ Blut IV<\/p>\n<blockquote><p>IV ist die Abk\u00fcrzung f\u00fcr Intraven\u00f6s<\/p><\/blockquote>\n<p>Transfusionen gibt es in 3 Gr\u00f6\u00dfen<br \/>\n250ml 500ml 1000ml<\/p>\n<blockquote><p>Eine 250ml Transfusion dauert gesch\u00e4tzt 1 min bis sie im Patienten ist!<\/p><\/blockquote>\n","protected":false},"excerpt":{"rendered":"<p>Task Force K-BAR Weisung 1.0: ACE Advanced Medical System Stand: 160117 &nbsp; Tourniquet Kann nur an Extremit\u00e4ten\/Gliedma\u00dfen angelegt werden! Stoppt Blutungen durch abklemmen von Arterien! Sollte nur benutzt werden um Zeit zu verschaffen f\u00fcr den Combat First Responder\/Medic um Wunden &hellip; <a href=\"https:\/\/www.tf-kbar.de\/?page_id=444\">Weiterlesen <span class=\"meta-nav\">&rarr;<\/span><\/a><\/p>\n","protected":false},"author":1,"featured_media":0,"parent":418,"menu_order":0,"comment_status":"closed","ping_status":"closed","template":"","meta":{"footnotes":""},"class_list":["post-444","page","type-page","status-publish","hentry"],"_links":{"self":[{"href":"https:\/\/www.tf-kbar.de\/index.php?rest_route=\/wp\/v2\/pages\/444"}],"collection":[{"href":"https:\/\/www.tf-kbar.de\/index.php?rest_route=\/wp\/v2\/pages"}],"about":[{"href":"https:\/\/www.tf-kbar.de\/index.php?rest_route=\/wp\/v2\/types\/page"}],"author":[{"embeddable":true,"href":"https:\/\/www.tf-kbar.de\/index.php?rest_route=\/wp\/v2\/users\/1"}],"replies":[{"embeddable":true,"href":"https:\/\/www.tf-kbar.de\/index.php?rest_route=%2Fwp%2Fv2%2Fcomments&post=444"}],"version-history":[{"count":0,"href":"https:\/\/www.tf-kbar.de\/index.php?rest_route=\/wp\/v2\/pages\/444\/revisions"}],"up":[{"embeddable":true,"href":"https:\/\/www.tf-kbar.de\/index.php?rest_route=\/wp\/v2\/pages\/418"}],"wp:attachment":[{"href":"https:\/\/www.tf-kbar.de\/index.php?rest_route=%2Fwp%2Fv2%2Fmedia&parent=444"}],"curies":[{"name":"wp","href":"https:\/\/api.w.org\/{rel}","templated":true}]}}