{"id":19,"date":"2015-01-21T18:58:39","date_gmt":"2015-01-21T18:58:39","guid":{"rendered":"http:\/\/www.tf-kbar.de\/?page_id=19"},"modified":"2017-12-03T21:36:22","modified_gmt":"2017-12-03T20:36:22","slug":"task-force-k-bar","status":"publish","type":"page","link":"https:\/\/www.tf-kbar.de\/?page_id=19","title":{"rendered":"Task Force K-BAR"},"content":{"rendered":"<p>Wir freuen uns \u00fcber jeden Spieler der Spa\u00df an COOP hat und gern versucht realit\u00e4tsnah vorzugehen.<br \/>\nEs gibt bei uns keine Bewerbungspflicht, Beitrittspflicht oder sonstiges. Wer mit uns spielen m\u00f6chte ist gern willkommen, die n\u00f6tige pers\u00f6nliche Reife vorausgesetzt nat\u00fcrlich.<\/p>\n<p>Unsere Erwartungen an Spieler sind Teamgeist und Durchhalteverm\u00f6gen.<\/p>\n<p>Kontaktm\u00f6glichkeiten: Via Teamspeak<\/p>\n","protected":false},"excerpt":{"rendered":"<p>Wir freuen uns \u00fcber jeden Spieler der Spa\u00df an COOP hat und gern versucht realit\u00e4tsnah vorzugehen. Es gibt bei uns keine Bewerbungspflicht, Beitrittspflicht oder sonstiges. Wer mit uns spielen m\u00f6chte ist gern willkommen, die n\u00f6tige pers\u00f6nliche Reife vorausgesetzt nat\u00fcrlich. Unsere &hellip; <a href=\"https:\/\/www.tf-kbar.de\/?page_id=19\">Weiterlesen <span class=\"meta-nav\">&rarr;<\/span><\/a><\/p>\n","protected":false},"author":1,"featured_media":0,"parent":0,"menu_order":0,"comment_status":"closed","ping_status":"closed","template":"","meta":{"footnotes":""},"class_list":["post-19","page","type-page","status-publish","hentry"],"_links":{"self":[{"href":"https:\/\/www.tf-kbar.de\/index.php?rest_route=\/wp\/v2\/pages\/19"}],"collection":[{"href":"https:\/\/www.tf-kbar.de\/index.php?rest_route=\/wp\/v2\/pages"}],"about":[{"href":"https:\/\/www.tf-kbar.de\/index.php?rest_route=\/wp\/v2\/types\/page"}],"author":[{"embeddable":true,"href":"https:\/\/www.tf-kbar.de\/index.php?rest_route=\/wp\/v2\/users\/1"}],"replies":[{"embeddable":true,"href":"https:\/\/www.tf-kbar.de\/index.php?rest_route=%2Fwp%2Fv2%2Fcomments&post=19"}],"version-history":[{"count":0,"href":"https:\/\/www.tf-kbar.de\/index.php?rest_route=\/wp\/v2\/pages\/19\/revisions"}],"wp:attachment":[{"href":"https:\/\/www.tf-kbar.de\/index.php?rest_route=%2Fwp%2Fv2%2Fmedia&parent=19"}],"curies":[{"name":"wp","href":"https:\/\/api.w.org\/{rel}","templated":true}]}}